{"id":1627,"date":"2024-08-22T11:36:28","date_gmt":"2024-08-22T11:36:28","guid":{"rendered":"https:\/\/anybagua.com\/?post_type=product&#038;p=1627"},"modified":"2024-08-22T11:36:28","modified_gmt":"2024-08-22T11:36:28","slug":"corazon-en-el-mar","status":"publish","type":"product","link":"https:\/\/anybagua.com\/?product=corazon-en-el-mar","title":{"rendered":"Coraz\u00f3n en el mar"},"content":{"rendered":"","protected":false},"excerpt":{"rendered":"","protected":false},"featured_media":1369,"comment_status":"open","ping_status":"closed","template":"","meta":{"site-sidebar-layout":"default","site-content-layout":"","ast-site-content-layout":"default","site-content-style":"default","site-sidebar-style":"default","ast-global-header-display":"","ast-banner-title-visibility":"","ast-main-header-display":"","ast-hfb-above-header-display":"","ast-hfb-below-header-display":"","ast-hfb-mobile-header-display":"","site-post-title":"","ast-breadcrumbs-content":"","ast-featured-img":"","footer-sml-layout":"","theme-transparent-header-meta":"default","adv-header-id-meta":"","stick-header-meta":"","header-above-stick-meta":"","header-main-stick-meta":"","header-below-stick-meta":"","astra-migrate-meta-layouts":"set","ast-page-background-enabled":"default","ast-page-background-meta":{"desktop":{"background-color":"var(--ast-global-color-4)","background-image":"","background-repeat":"repeat","background-position":"center center","background-size":"auto","background-attachment":"scroll","background-type":"","background-media":"","overlay-type":"","overlay-color":"","overlay-opacity":"","overlay-gradient":""},"tablet":{"background-color":"","background-image":"","background-repeat":"repeat","background-position":"center center","background-size":"auto","background-attachment":"scroll","background-type":"","background-media":"","overlay-type":"","overlay-color":"","overlay-opacity":"","overlay-gradient":""},"mobile":{"background-color":"","background-image":"","background-repeat":"repeat","background-position":"center center","background-size":"auto","background-attachment":"scroll","background-type":"","background-media":"","overlay-type":"","overlay-color":"","overlay-opacity":"","overlay-gradient":""}},"ast-content-background-meta":{"desktop":{"background-color":"var(--ast-global-color-5)","background-image":"","background-repeat":"repeat","background-position":"center center","background-size":"auto","background-attachment":"scroll","background-type":"","background-media":"","overlay-type":"","overlay-color":"","overlay-opacity":"","overlay-gradient":""},"tablet":{"background-color":"var(--ast-global-color-5)","background-image":"","background-repeat":"repeat","background-position":"center center","background-size":"auto","background-attachment":"scroll","background-type":"","background-media":"","overlay-type":"","overlay-color":"","overlay-opacity":"","overlay-gradient":""},"mobile":{"background-color":"var(--ast-global-color-5)","background-image":"","background-repeat":"repeat","background-position":"center center","background-size":"auto","background-attachment":"scroll","background-type":"","background-media":"","overlay-type":"","overlay-color":"","overlay-opacity":"","overlay-gradient":""}}},"product_brand":[],"product_cat":[30],"product_tag":[],"class_list":{"0":"post-1627","1":"product","2":"type-product","3":"status-publish","4":"has-post-thumbnail","6":"product_cat-esmalte-sobre-lienzo","7":"desktop-align-left","8":"tablet-align-left","9":"mobile-align-left","11":"first","12":"instock","13":"shipping-taxable","14":"purchasable","15":"product-type-simple"},"yoast_head":"<!-- This site is optimized with the Yoast SEO plugin v27.5 - https:\/\/yoast.com\/product\/yoast-seo-wordpress\/ -->\n<title>Coraz\u00f3n en el mar - Any Bagua<\/title>\n<meta name=\"description\" content=\"Coraz\u00f3n en el mar\" \/>\n<meta name=\"robots\" content=\"index, follow, max-snippet:-1, max-image-preview:large, max-video-preview:-1\" \/>\n<link rel=\"canonical\" href=\"https:\/\/anybagua.com\/?product=corazon-en-el-mar\" \/>\n<meta property=\"og:locale\" content=\"es_ES\" \/>\n<meta property=\"og:type\" content=\"article\" \/>\n<meta property=\"og:title\" content=\"Coraz\u00f3n en el mar - Any Bagua\" \/>\n<meta property=\"og:description\" content=\"Coraz\u00f3n en el mar\" \/>\n<meta property=\"og:url\" content=\"https:\/\/anybagua.com\/?product=corazon-en-el-mar\" \/>\n<meta property=\"og:site_name\" content=\"Any Bagua\" \/>\n<meta property=\"og:image\" content=\"https:\/\/anybagua.com\/wp-content\/uploads\/2024\/08\/1724172066914_web-768x763.png\" \/>\n\t<meta property=\"og:image:width\" content=\"768\" \/>\n\t<meta property=\"og:image:height\" content=\"763\" \/>\n\t<meta property=\"og:image:type\" content=\"image\/png\" \/>\n<meta name=\"twitter:card\" content=\"summary_large_image\" \/>\n<meta name=\"twitter:label1\" content=\"Tiempo de lectura\" \/>\n\t<meta name=\"twitter:data1\" content=\"1 minuto\" \/>\n<script type=\"application\/ld+json\" class=\"yoast-schema-graph\">{\"@context\":\"https:\\\/\\\/schema.org\",\"@graph\":[{\"@type\":\"WebPage\",\"@id\":\"https:\\\/\\\/anybagua.com\\\/?product=corazon-en-el-mar\",\"url\":\"https:\\\/\\\/anybagua.com\\\/?product=corazon-en-el-mar\",\"name\":\"Coraz\u00f3n en el mar - Any Bagua\",\"isPartOf\":{\"@id\":\"https:\\\/\\\/anybagua.com\\\/#website\"},\"primaryImageOfPage\":{\"@id\":\"https:\\\/\\\/anybagua.com\\\/?product=corazon-en-el-mar#primaryimage\"},\"image\":{\"@id\":\"https:\\\/\\\/anybagua.com\\\/?product=corazon-en-el-mar#primaryimage\"},\"thumbnailUrl\":\"https:\\\/\\\/anybagua.com\\\/wp-content\\\/uploads\\\/2024\\\/08\\\/1724172066914_web.png\",\"datePublished\":\"2024-08-22T11:36:28+00:00\",\"description\":\"Coraz\u00f3n en el mar\",\"breadcrumb\":{\"@id\":\"https:\\\/\\\/anybagua.com\\\/?product=corazon-en-el-mar#breadcrumb\"},\"inLanguage\":\"es\",\"potentialAction\":[{\"@type\":\"ReadAction\",\"target\":[\"https:\\\/\\\/anybagua.com\\\/?product=corazon-en-el-mar\"]}]},{\"@type\":\"ImageObject\",\"inLanguage\":\"es\",\"@id\":\"https:\\\/\\\/anybagua.com\\\/?product=corazon-en-el-mar#primaryimage\",\"url\":\"https:\\\/\\\/anybagua.com\\\/wp-content\\\/uploads\\\/2024\\\/08\\\/1724172066914_web.png\",\"contentUrl\":\"https:\\\/\\\/anybagua.com\\\/wp-content\\\/uploads\\\/2024\\\/08\\\/1724172066914_web.png\",\"width\":1675,\"height\":1665},{\"@type\":\"BreadcrumbList\",\"@id\":\"https:\\\/\\\/anybagua.com\\\/?product=corazon-en-el-mar#breadcrumb\",\"itemListElement\":[{\"@type\":\"ListItem\",\"position\":1,\"name\":\"Portada\",\"item\":\"https:\\\/\\\/anybagua.com\\\/\"},{\"@type\":\"ListItem\",\"position\":2,\"name\":\"Tienda\",\"item\":\"https:\\\/\\\/anybagua.com\\\/?page_id=1808\"},{\"@type\":\"ListItem\",\"position\":3,\"name\":\"Coraz\u00f3n en el mar\"}]},{\"@type\":\"WebSite\",\"@id\":\"https:\\\/\\\/anybagua.com\\\/#website\",\"url\":\"https:\\\/\\\/anybagua.com\\\/\",\"name\":\"Any Bagua\",\"description\":\"Con talleres en Soria y Tera, la obra de Any Bagua es una fusi\u00f3n de tradici\u00f3n y modernidad, capturando la esencia de su tierra natal a trav\u00e9s de cada pincelada. Descubre su arte y sum\u00e9rgete en un mundo donde la historia y la naturaleza cobran vida.\",\"publisher\":{\"@id\":\"https:\\\/\\\/anybagua.com\\\/#organization\"},\"potentialAction\":[{\"@type\":\"SearchAction\",\"target\":{\"@type\":\"EntryPoint\",\"urlTemplate\":\"https:\\\/\\\/anybagua.com\\\/?s={search_term_string}\"},\"query-input\":{\"@type\":\"PropertyValueSpecification\",\"valueRequired\":true,\"valueName\":\"search_term_string\"}}],\"inLanguage\":\"es\"},{\"@type\":\"Organization\",\"@id\":\"https:\\\/\\\/anybagua.com\\\/#organization\",\"name\":\"Any Bagua\",\"url\":\"https:\\\/\\\/anybagua.com\\\/\",\"logo\":{\"@type\":\"ImageObject\",\"inLanguage\":\"es\",\"@id\":\"https:\\\/\\\/anybagua.com\\\/#\\\/schema\\\/logo\\\/image\\\/\",\"url\":\"\",\"contentUrl\":\"\",\"caption\":\"Any Bagua\"},\"image\":{\"@id\":\"https:\\\/\\\/anybagua.com\\\/#\\\/schema\\\/logo\\\/image\\\/\"}}]}<\/script>\n<!-- \/ Yoast SEO plugin. -->","yoast_head_json":{"title":"Coraz\u00f3n en el mar - Any Bagua","description":"Coraz\u00f3n en el mar","robots":{"index":"index","follow":"follow","max-snippet":"max-snippet:-1","max-image-preview":"max-image-preview:large","max-video-preview":"max-video-preview:-1"},"canonical":"https:\/\/anybagua.com\/?product=corazon-en-el-mar","og_locale":"es_ES","og_type":"article","og_title":"Coraz\u00f3n en el mar - Any Bagua","og_description":"Coraz\u00f3n en el mar","og_url":"https:\/\/anybagua.com\/?product=corazon-en-el-mar","og_site_name":"Any Bagua","og_image":[{"width":768,"height":763,"url":"https:\/\/anybagua.com\/wp-content\/uploads\/2024\/08\/1724172066914_web-768x763.png","type":"image\/png"}],"twitter_card":"summary_large_image","twitter_misc":{"Tiempo de lectura":"1 minuto"},"schema":{"@context":"https:\/\/schema.org","@graph":[{"@type":"WebPage","@id":"https:\/\/anybagua.com\/?product=corazon-en-el-mar","url":"https:\/\/anybagua.com\/?product=corazon-en-el-mar","name":"Coraz\u00f3n en el mar - Any Bagua","isPartOf":{"@id":"https:\/\/anybagua.com\/#website"},"primaryImageOfPage":{"@id":"https:\/\/anybagua.com\/?product=corazon-en-el-mar#primaryimage"},"image":{"@id":"https:\/\/anybagua.com\/?product=corazon-en-el-mar#primaryimage"},"thumbnailUrl":"https:\/\/anybagua.com\/wp-content\/uploads\/2024\/08\/1724172066914_web.png","datePublished":"2024-08-22T11:36:28+00:00","description":"Coraz\u00f3n en el mar","breadcrumb":{"@id":"https:\/\/anybagua.com\/?product=corazon-en-el-mar#breadcrumb"},"inLanguage":"es","potentialAction":[{"@type":"ReadAction","target":["https:\/\/anybagua.com\/?product=corazon-en-el-mar"]}]},{"@type":"ImageObject","inLanguage":"es","@id":"https:\/\/anybagua.com\/?product=corazon-en-el-mar#primaryimage","url":"https:\/\/anybagua.com\/wp-content\/uploads\/2024\/08\/1724172066914_web.png","contentUrl":"https:\/\/anybagua.com\/wp-content\/uploads\/2024\/08\/1724172066914_web.png","width":1675,"height":1665},{"@type":"BreadcrumbList","@id":"https:\/\/anybagua.com\/?product=corazon-en-el-mar#breadcrumb","itemListElement":[{"@type":"ListItem","position":1,"name":"Portada","item":"https:\/\/anybagua.com\/"},{"@type":"ListItem","position":2,"name":"Tienda","item":"https:\/\/anybagua.com\/?page_id=1808"},{"@type":"ListItem","position":3,"name":"Coraz\u00f3n en el mar"}]},{"@type":"WebSite","@id":"https:\/\/anybagua.com\/#website","url":"https:\/\/anybagua.com\/","name":"Any Bagua","description":"Con talleres en Soria y Tera, la obra de Any Bagua es una fusi\u00f3n de tradici\u00f3n y modernidad, capturando la esencia de su tierra natal a trav\u00e9s de cada pincelada. Descubre su arte y sum\u00e9rgete en un mundo donde la historia y la naturaleza cobran vida.","publisher":{"@id":"https:\/\/anybagua.com\/#organization"},"potentialAction":[{"@type":"SearchAction","target":{"@type":"EntryPoint","urlTemplate":"https:\/\/anybagua.com\/?s={search_term_string}"},"query-input":{"@type":"PropertyValueSpecification","valueRequired":true,"valueName":"search_term_string"}}],"inLanguage":"es"},{"@type":"Organization","@id":"https:\/\/anybagua.com\/#organization","name":"Any Bagua","url":"https:\/\/anybagua.com\/","logo":{"@type":"ImageObject","inLanguage":"es","@id":"https:\/\/anybagua.com\/#\/schema\/logo\/image\/","url":"","contentUrl":"","caption":"Any Bagua"},"image":{"@id":"https:\/\/anybagua.com\/#\/schema\/logo\/image\/"}}]}},"_links":{"self":[{"href":"https:\/\/anybagua.com\/index.php?rest_route=\/wp\/v2\/product\/1627","targetHints":{"allow":["GET"]}}],"collection":[{"href":"https:\/\/anybagua.com\/index.php?rest_route=\/wp\/v2\/product"}],"about":[{"href":"https:\/\/anybagua.com\/index.php?rest_route=\/wp\/v2\/types\/product"}],"replies":[{"embeddable":true,"href":"https:\/\/anybagua.com\/index.php?rest_route=%2Fwp%2Fv2%2Fcomments&post=1627"}],"wp:featuredmedia":[{"embeddable":true,"href":"https:\/\/anybagua.com\/index.php?rest_route=\/wp\/v2\/media\/1369"}],"wp:attachment":[{"href":"https:\/\/anybagua.com\/index.php?rest_route=%2Fwp%2Fv2%2Fmedia&parent=1627"}],"wp:term":[{"taxonomy":"product_brand","embeddable":true,"href":"https:\/\/anybagua.com\/index.php?rest_route=%2Fwp%2Fv2%2Fproduct_brand&post=1627"},{"taxonomy":"product_cat","embeddable":true,"href":"https:\/\/anybagua.com\/index.php?rest_route=%2Fwp%2Fv2%2Fproduct_cat&post=1627"},{"taxonomy":"product_tag","embeddable":true,"href":"https:\/\/anybagua.com\/index.php?rest_route=%2Fwp%2Fv2%2Fproduct_tag&post=1627"}],"curies":[{"name":"wp","href":"https:\/\/api.w.org\/{rel}","templated":true}]}}